{"id":20,"date":"2023-06-18T20:11:07","date_gmt":"2023-06-18T20:11:07","guid":{"rendered":"https:\/\/test.lalebahcesi.net\/?page_id=20"},"modified":"2023-07-18T03:08:54","modified_gmt":"2023-07-18T03:08:54","slug":"iletisim","status":"publish","type":"page","link":"https:\/\/test.lalebahcesi.net\/index.php\/iletisim\/","title":{"rendered":"\u0130leti\u015fim"},"content":{"rendered":"<div align=\"left\"><\/div>\n<p>&nbsp;<\/p>\n<table>\n<tbody>\n<tr>\n<td><i class=\"fa-solid fa-location-dot\"><\/i><\/td>\n<td>Nam\u0131k Kemal Mahallesi, \u0130lker Sk. No:11 34762 \u00dcmraniye\/\u0130stanbul<\/td>\n<\/tr>\n<tr>\n<td><i class=\"fa-solid fa-phone\"><\/i><\/td>\n<td>0216 505 64 55 \u2013 0530 664 54 54<\/td>\n<\/tr>\n<tr>\n<td><i class=\"fa-solid fa-envelope\"><\/i><\/td>\n<td>bilgi@lalebahcesi.net<\/td>\n<\/tr>\n<tr>\n<td><i class=\"fa-solid fa-earth-americas\"><\/i><\/td>\n<td>www.lalebahcesi.net<\/td>\n<\/tr>\n<\/tbody>\n<\/table>\n<p>&nbsp;<\/p>\n<p><iframe style=\"border: 0;\" src=\"https:\/\/www.google.com\/maps\/embed?pb=!1m18!1m12!1m3!1d96331.39066643312!2d28.943869597265635!3d41.01746769999999!2m3!1f0!2f0!3f0!3m2!1i1024!2i768!4f13.1!3m3!1m2!1s0x14cac98c4b87ac47%3A0x45200f637e41698c!2s%C3%96zel%20%C3%9Cmraniye%20Merkez%20Lale%20Bah%C3%A7esi%20Anaokulu!5e0!3m2!1str!2str!4v1687236821080!5m2!1str!2str\" width=\"600\" height=\"450\" allowfullscreen=\"allowfullscreen\"><span data-mce-type=\"bookmark\" style=\"display: inline-block; width: 0px; overflow: hidden; line-height: 0;\" class=\"mce_SELRES_start\">\ufeff<\/span><\/iframe><\/p>\n\n<div class=\"wpcf7 no-js\" id=\"wpcf7-f5-o1\" lang=\"tr-TR\" dir=\"ltr\" data-wpcf7-id=\"5\">\n<div class=\"screen-reader-response\"><p role=\"status\" aria-live=\"polite\" aria-atomic=\"true\"><\/p> <ul><\/ul><\/div>\n<form action=\"\/index.php\/wp-json\/wp\/v2\/pages\/20#wpcf7-f5-o1\" method=\"post\" class=\"wpcf7-form init\" aria-label=\"\u0130leti\u015fim Formu\" novalidate=\"novalidate\" data-status=\"init\">\n<div style=\"display: none;\">\n<input type=\"hidden\" name=\"_wpcf7\" value=\"5\" \/>\n<input type=\"hidden\" name=\"_wpcf7_version\" value=\"6.0\" \/>\n<input type=\"hidden\" name=\"_wpcf7_locale\" value=\"tr_TR\" \/>\n<input type=\"hidden\" name=\"_wpcf7_unit_tag\" value=\"wpcf7-f5-o1\" \/>\n<input type=\"hidden\" name=\"_wpcf7_container_post\" value=\"0\" \/>\n<input type=\"hidden\" name=\"_wpcf7_posted_data_hash\" value=\"\" \/>\n<input type=\"hidden\" name=\"_wpcf7_recaptcha_response\" value=\"\" \/>\n<\/div>\n<p><label> Ad\u0131n\u0131z<br \/>\n<span class=\"wpcf7-form-control-wrap\" data-name=\"your-name\"><input size=\"40\" maxlength=\"400\" class=\"wpcf7-form-control wpcf7-text wpcf7-validates-as-required\" autocomplete=\"name\" aria-required=\"true\" aria-invalid=\"false\" value=\"\" type=\"text\" name=\"your-name\" \/><\/span> <\/label>\n<\/p>\n<p><label> E-posta adresiniz<br \/>\n<span class=\"wpcf7-form-control-wrap\" data-name=\"your-email\"><input size=\"40\" maxlength=\"400\" class=\"wpcf7-form-control wpcf7-email wpcf7-validates-as-required wpcf7-text wpcf7-validates-as-email\" autocomplete=\"email\" aria-required=\"true\" aria-invalid=\"false\" value=\"\" type=\"email\" name=\"your-email\" \/><\/span> <\/label>\n<\/p>\n<p><label> Konu<br \/>\n<span class=\"wpcf7-form-control-wrap\" data-name=\"your-subject\"><input size=\"40\" maxlength=\"400\" class=\"wpcf7-form-control wpcf7-text wpcf7-validates-as-required\" aria-required=\"true\" aria-invalid=\"false\" value=\"\" type=\"text\" name=\"your-subject\" \/><\/span> <\/label>\n<\/p>\n<p><label> \u0130letiniz<br \/>\n<span class=\"wpcf7-form-control-wrap\" data-name=\"your-message\"><textarea cols=\"40\" rows=\"10\" maxlength=\"2000\" class=\"wpcf7-form-control wpcf7-textarea\" aria-invalid=\"false\" name=\"your-message\"><\/textarea><\/span> <\/label>\n<\/p>\n<p><input class=\"wpcf7-form-control wpcf7-submit has-spinner\" type=\"submit\" value=\"G\u00f6nder\" \/>\n<\/p><div class=\"wpcf7-response-output\" aria-hidden=\"true\"><\/div>\n<\/form>\n<\/div>\n\n","protected":false},"excerpt":{"rendered":"<p>&nbsp; Nam\u0131k Kemal Mahallesi, \u0130lker Sk. No:11 34762 \u00dcmraniye\/\u0130stanbul 0216 505 64 55 \u2013 0530 664 54 54 bilgi@lalebahcesi.net www.lalebahcesi.net &nbsp; \ufeff<\/p>\n","protected":false},"author":1,"featured_media":0,"parent":0,"menu_order":0,"comment_status":"closed","ping_status":"closed","template":"","meta":{"footnotes":""},"class_list":["post-20","page","type-page","status-publish","hentry"],"yoast_head":"<!-- This site is optimized with the Yoast SEO plugin v23.8 - https:\/\/yoast.com\/wordpress\/plugins\/seo\/ -->\n<title>\u0130leti\u015fim -<\/title>\n<meta name=\"robots\" content=\"index, follow, max-snippet:-1, max-image-preview:large, max-video-preview:-1\" \/>\n<link rel=\"canonical\" href=\"https:\/\/test.lalebahcesi.net\/index.php\/iletisim\/\" \/>\n<meta property=\"og:locale\" content=\"tr_TR\" \/>\n<meta property=\"og:type\" content=\"article\" \/>\n<meta property=\"og:title\" content=\"\u0130leti\u015fim -\" \/>\n<meta property=\"og:description\" content=\"&nbsp; Nam\u0131k Kemal Mahallesi, \u0130lker Sk. No:11 34762 \u00dcmraniye\/\u0130stanbul 0216 505 64 55 \u2013 0530 664 54 54 bilgi@lalebahcesi.net www.lalebahcesi.net &nbsp; \ufeff\" \/>\n<meta property=\"og:url\" content=\"https:\/\/test.lalebahcesi.net\/index.php\/iletisim\/\" \/>\n<meta property=\"article:modified_time\" content=\"2023-07-18T03:08:54+00:00\" \/>\n<meta name=\"twitter:card\" content=\"summary_large_image\" \/>\n<meta name=\"twitter:label1\" content=\"Tahmini okuma s\u00fcresi\" \/>\n\t<meta name=\"twitter:data1\" content=\"1 dakika\" \/>\n<script type=\"application\/ld+json\" class=\"yoast-schema-graph\">{\"@context\":\"https:\/\/schema.org\",\"@graph\":[{\"@type\":\"WebPage\",\"@id\":\"https:\/\/test.lalebahcesi.net\/index.php\/iletisim\/\",\"url\":\"https:\/\/test.lalebahcesi.net\/index.php\/iletisim\/\",\"name\":\"\u0130leti\u015fim -\",\"isPartOf\":{\"@id\":\"https:\/\/test.lalebahcesi.net\/#website\"},\"datePublished\":\"2023-06-18T20:11:07+00:00\",\"dateModified\":\"2023-07-18T03:08:54+00:00\",\"breadcrumb\":{\"@id\":\"https:\/\/test.lalebahcesi.net\/index.php\/iletisim\/#breadcrumb\"},\"inLanguage\":\"tr\",\"potentialAction\":[{\"@type\":\"ReadAction\",\"target\":[\"https:\/\/test.lalebahcesi.net\/index.php\/iletisim\/\"]}]},{\"@type\":\"BreadcrumbList\",\"@id\":\"https:\/\/test.lalebahcesi.net\/index.php\/iletisim\/#breadcrumb\",\"itemListElement\":[{\"@type\":\"ListItem\",\"position\":1,\"name\":\"Anasayfa\",\"item\":\"https:\/\/test.lalebahcesi.net\/\"},{\"@type\":\"ListItem\",\"position\":2,\"name\":\"\u0130leti\u015fim\"}]},{\"@type\":\"WebSite\",\"@id\":\"https:\/\/test.lalebahcesi.net\/#website\",\"url\":\"https:\/\/test.lalebahcesi.net\/\",\"name\":\"\",\"description\":\"\",\"potentialAction\":[{\"@type\":\"SearchAction\",\"target\":{\"@type\":\"EntryPoint\",\"urlTemplate\":\"https:\/\/test.lalebahcesi.net\/?s={search_term_string}\"},\"query-input\":{\"@type\":\"PropertyValueSpecification\",\"valueRequired\":true,\"valueName\":\"search_term_string\"}}],\"inLanguage\":\"tr\"}]}<\/script>\n<!-- \/ Yoast SEO plugin. -->","yoast_head_json":{"title":"\u0130leti\u015fim -","robots":{"index":"index","follow":"follow","max-snippet":"max-snippet:-1","max-image-preview":"max-image-preview:large","max-video-preview":"max-video-preview:-1"},"canonical":"https:\/\/test.lalebahcesi.net\/index.php\/iletisim\/","og_locale":"tr_TR","og_type":"article","og_title":"\u0130leti\u015fim -","og_description":"&nbsp; Nam\u0131k Kemal Mahallesi, \u0130lker Sk. No:11 34762 \u00dcmraniye\/\u0130stanbul 0216 505 64 55 \u2013 0530 664 54 54 bilgi@lalebahcesi.net www.lalebahcesi.net &nbsp; \ufeff","og_url":"https:\/\/test.lalebahcesi.net\/index.php\/iletisim\/","article_modified_time":"2023-07-18T03:08:54+00:00","twitter_card":"summary_large_image","twitter_misc":{"Tahmini okuma s\u00fcresi":"1 dakika"},"schema":{"@context":"https:\/\/schema.org","@graph":[{"@type":"WebPage","@id":"https:\/\/test.lalebahcesi.net\/index.php\/iletisim\/","url":"https:\/\/test.lalebahcesi.net\/index.php\/iletisim\/","name":"\u0130leti\u015fim -","isPartOf":{"@id":"https:\/\/test.lalebahcesi.net\/#website"},"datePublished":"2023-06-18T20:11:07+00:00","dateModified":"2023-07-18T03:08:54+00:00","breadcrumb":{"@id":"https:\/\/test.lalebahcesi.net\/index.php\/iletisim\/#breadcrumb"},"inLanguage":"tr","potentialAction":[{"@type":"ReadAction","target":["https:\/\/test.lalebahcesi.net\/index.php\/iletisim\/"]}]},{"@type":"BreadcrumbList","@id":"https:\/\/test.lalebahcesi.net\/index.php\/iletisim\/#breadcrumb","itemListElement":[{"@type":"ListItem","position":1,"name":"Anasayfa","item":"https:\/\/test.lalebahcesi.net\/"},{"@type":"ListItem","position":2,"name":"\u0130leti\u015fim"}]},{"@type":"WebSite","@id":"https:\/\/test.lalebahcesi.net\/#website","url":"https:\/\/test.lalebahcesi.net\/","name":"","description":"","potentialAction":[{"@type":"SearchAction","target":{"@type":"EntryPoint","urlTemplate":"https:\/\/test.lalebahcesi.net\/?s={search_term_string}"},"query-input":{"@type":"PropertyValueSpecification","valueRequired":true,"valueName":"search_term_string"}}],"inLanguage":"tr"}]}},"_links":{"self":[{"href":"https:\/\/test.lalebahcesi.net\/index.php\/wp-json\/wp\/v2\/pages\/20","targetHints":{"allow":["GET"]}}],"collection":[{"href":"https:\/\/test.lalebahcesi.net\/index.php\/wp-json\/wp\/v2\/pages"}],"about":[{"href":"https:\/\/test.lalebahcesi.net\/index.php\/wp-json\/wp\/v2\/types\/page"}],"author":[{"embeddable":true,"href":"https:\/\/test.lalebahcesi.net\/index.php\/wp-json\/wp\/v2\/users\/1"}],"replies":[{"embeddable":true,"href":"https:\/\/test.lalebahcesi.net\/index.php\/wp-json\/wp\/v2\/comments?post=20"}],"version-history":[{"count":24,"href":"https:\/\/test.lalebahcesi.net\/index.php\/wp-json\/wp\/v2\/pages\/20\/revisions"}],"predecessor-version":[{"id":133,"href":"https:\/\/test.lalebahcesi.net\/index.php\/wp-json\/wp\/v2\/pages\/20\/revisions\/133"}],"wp:attachment":[{"href":"https:\/\/test.lalebahcesi.net\/index.php\/wp-json\/wp\/v2\/media?parent=20"}],"curies":[{"name":"wp","href":"https:\/\/api.w.org\/{rel}","templated":true}]}}