{"id":2,"date":"2023-06-18T12:01:23","date_gmt":"2023-06-18T12:01:23","guid":{"rendered":"https:\/\/test.lalebahcesi.net\/?page_id=2"},"modified":"2023-06-21T05:39:07","modified_gmt":"2023-06-21T05:39:07","slug":"sample-page","status":"publish","type":"page","link":"https:\/\/test.lalebahcesi.net\/","title":{"rendered":"Ana Sayfa"},"content":{"rendered":"\t\t<div data-elementor-type=\"wp-page\" data-elementor-id=\"2\" class=\"elementor elementor-2\">\n\t\t\t\t<div class=\"elementor-element elementor-element-8fdf8dc e-flex e-con-boxed e-con e-parent\" data-id=\"8fdf8dc\" data-element_type=\"container\">\n\t\t\t\t\t<div class=\"e-con-inner\">\n\t\t<div class=\"elementor-element elementor-element-b523c53 e-flex e-con-boxed e-con e-parent\" data-id=\"b523c53\" data-element_type=\"container\">\n\t\t\t\t\t<div class=\"e-con-inner\">\n\t\t\t\t<div class=\"elementor-element elementor-element-ddd7a70 elementor-widget elementor-widget-image\" data-id=\"ddd7a70\" data-element_type=\"widget\" data-widget_type=\"image.default\">\n\t\t\t\t<div class=\"elementor-widget-container\">\n\t\t\t\t\t\t\t\t\t\t\t\t\t<img fetchpriority=\"high\" decoding=\"async\" width=\"796\" height=\"313\" src=\"https:\/\/test.lalebahcesi.net\/wp-content\/uploads\/2023\/06\/Ekran_Resmi_2023-06-21_07.44.21-removebg-preview.png\" class=\"attachment-large size-large wp-image-149\" alt=\"\" srcset=\"https:\/\/test.lalebahcesi.net\/wp-content\/uploads\/2023\/06\/Ekran_Resmi_2023-06-21_07.44.21-removebg-preview.png 796w, https:\/\/test.lalebahcesi.net\/wp-content\/uploads\/2023\/06\/Ekran_Resmi_2023-06-21_07.44.21-removebg-preview-300x118.png 300w, https:\/\/test.lalebahcesi.net\/wp-content\/uploads\/2023\/06\/Ekran_Resmi_2023-06-21_07.44.21-removebg-preview-768x302.png 768w\" sizes=\"(max-width: 796px) 100vw, 796px\" \/>\t\t\t\t\t\t\t\t\t\t\t\t\t<\/div>\n\t\t\t\t<\/div>\n\t\t\t\t\t<\/div>\n\t\t\t\t<\/div>\n\t\t\t\t<div class=\"elementor-element elementor-element-018bcf1 elementor-widget elementor-widget-image\" data-id=\"018bcf1\" data-element_type=\"widget\" data-widget_type=\"image.default\">\n\t\t\t\t<div class=\"elementor-widget-container\">\n\t\t\t\t\t\t\t\t\t\t\t\t\t<img decoding=\"async\" width=\"832\" height=\"468\" src=\"https:\/\/test.lalebahcesi.net\/wp-content\/uploads\/2023\/06\/Basliksiz-1-1024x576.png\" class=\"attachment-large size-large wp-image-147\" alt=\"\" srcset=\"https:\/\/test.lalebahcesi.net\/wp-content\/uploads\/2023\/06\/Basliksiz-1-1024x576.png 1024w, https:\/\/test.lalebahcesi.net\/wp-content\/uploads\/2023\/06\/Basliksiz-1-300x169.png 300w, https:\/\/test.lalebahcesi.net\/wp-content\/uploads\/2023\/06\/Basliksiz-1-768x432.png 768w, https:\/\/test.lalebahcesi.net\/wp-content\/uploads\/2023\/06\/Basliksiz-1-1536x864.png 1536w, https:\/\/test.lalebahcesi.net\/wp-content\/uploads\/2023\/06\/Basliksiz-1.png 1920w\" sizes=\"(max-width: 832px) 100vw, 832px\" \/>\t\t\t\t\t\t\t\t\t\t\t\t\t<\/div>\n\t\t\t\t<\/div>\n\t\t\t\t\t<\/div>\n\t\t\t\t<\/div>\n\t\t<div class=\"elementor-element elementor-element-bfadcfd e-flex e-con-boxed e-con e-parent\" data-id=\"bfadcfd\" data-element_type=\"container\">\n\t\t\t\t\t<div class=\"e-con-inner\">\n\t\t\t\t<div class=\"elementor-element elementor-element-fb8bb54 elementor-widget elementor-widget-heading\" data-id=\"fb8bb54\" data-element_type=\"widget\" data-widget_type=\"heading.default\">\n\t\t\t\t<div class=\"elementor-widget-container\">\n\t\t\t<h2 class=\"elementor-heading-title elementor-size-default\">Tan\u0131t\u0131m Filmimiz<\/h2>\t\t<\/div>\n\t\t\t\t<\/div>\n\t\t\t\t\t<\/div>\n\t\t\t\t<\/div>\n\t\t<div class=\"elementor-element elementor-element-4afa01b e-con-full e-flex e-con e-parent\" data-id=\"4afa01b\" data-element_type=\"container\">\n\t\t<div class=\"elementor-element elementor-element-c00f89b e-con-full e-flex e-con e-parent\" data-id=\"c00f89b\" data-element_type=\"container\">\n\t\t\t\t<div class=\"elementor-element elementor-element-6eeb389 elementor-widget elementor-widget-video\" data-id=\"6eeb389\" data-element_type=\"widget\" data-settings=\"{&quot;youtube_url&quot;:&quot;https:\\\/\\\/www.youtube.com\\\/watch?v=-Vif4CQDD-c&quot;,&quot;video_type&quot;:&quot;youtube&quot;,&quot;controls&quot;:&quot;yes&quot;}\" data-widget_type=\"video.default\">\n\t\t\t\t<div class=\"elementor-widget-container\">\n\t\t\t\t\t<div class=\"elementor-wrapper elementor-open-inline\">\n\t\t\t<div class=\"elementor-video\"><\/div>\t\t<\/div>\n\t\t\t\t<\/div>\n\t\t\t\t<\/div>\n\t\t\t\t<\/div>\n\t\t<div class=\"elementor-element elementor-element-5023b75 e-con-full e-flex e-con e-parent\" data-id=\"5023b75\" data-element_type=\"container\">\n\t\t\t\t<div class=\"elementor-element elementor-element-1567788 elementor-widget elementor-widget-image\" data-id=\"1567788\" data-element_type=\"widget\" data-widget_type=\"image.default\">\n\t\t\t\t<div class=\"elementor-widget-container\">\n\t\t\t\t\t\t\t\t\t\t\t\t\t<img decoding=\"async\" width=\"600\" height=\"524\" src=\"https:\/\/test.lalebahcesi.net\/wp-content\/uploads\/2023\/06\/h6-slide-image-yeni.png\" class=\"attachment-large size-large wp-image-150\" alt=\"\" srcset=\"https:\/\/test.lalebahcesi.net\/wp-content\/uploads\/2023\/06\/h6-slide-image-yeni.png 600w, https:\/\/test.lalebahcesi.net\/wp-content\/uploads\/2023\/06\/h6-slide-image-yeni-300x262.png 300w\" sizes=\"(max-width: 600px) 100vw, 600px\" \/>\t\t\t\t\t\t\t\t\t\t\t\t\t<\/div>\n\t\t\t\t<\/div>\n\t\t\t\t<\/div>\n\t\t\t\t<\/div>\n\t\t<div class=\"elementor-element elementor-element-e181659 e-flex e-con-boxed e-con e-parent\" data-id=\"e181659\" data-element_type=\"container\">\n\t\t\t\t\t<div class=\"e-con-inner\">\n\t\t\t\t<div class=\"elementor-element elementor-element-0f4ec88 elementor-widget elementor-widget-image\" data-id=\"0f4ec88\" data-element_type=\"widget\" data-widget_type=\"image.default\">\n\t\t\t\t<div class=\"elementor-widget-container\">\n\t\t\t\t\t\t\t\t\t\t\t\t\t<img loading=\"lazy\" decoding=\"async\" width=\"832\" height=\"444\" src=\"https:\/\/test.lalebahcesi.net\/wp-content\/uploads\/2023\/06\/Ekran-Resmi-2023-06-21-07.57.00-1024x546.png\" class=\"attachment-large size-large wp-image-154\" alt=\"\" srcset=\"https:\/\/test.lalebahcesi.net\/wp-content\/uploads\/2023\/06\/Ekran-Resmi-2023-06-21-07.57.00-1024x546.png 1024w, https:\/\/test.lalebahcesi.net\/wp-content\/uploads\/2023\/06\/Ekran-Resmi-2023-06-21-07.57.00-300x160.png 300w, https:\/\/test.lalebahcesi.net\/wp-content\/uploads\/2023\/06\/Ekran-Resmi-2023-06-21-07.57.00-768x410.png 768w, https:\/\/test.lalebahcesi.net\/wp-content\/uploads\/2023\/06\/Ekran-Resmi-2023-06-21-07.57.00.png 1200w\" sizes=\"(max-width: 832px) 100vw, 832px\" \/>\t\t\t\t\t\t\t\t\t\t\t\t\t<\/div>\n\t\t\t\t<\/div>\n\t\t\t\t\t<\/div>\n\t\t\t\t<\/div>\n\t\t<div class=\"elementor-element elementor-element-65e96ea e-flex e-con-boxed e-con e-parent\" data-id=\"65e96ea\" data-element_type=\"container\">\n\t\t\t\t\t<div class=\"e-con-inner\">\n\t\t<div class=\"elementor-element elementor-element-2c8bac5 e-con-full e-flex e-con e-parent\" data-id=\"2c8bac5\" data-element_type=\"container\">\n\t\t\t\t<div class=\"elementor-element elementor-element-2b808f8 elementor-widget elementor-widget-heading\" data-id=\"2b808f8\" data-element_type=\"widget\" data-widget_type=\"heading.default\">\n\t\t\t\t<div class=\"elementor-widget-container\">\n\t\t\t<h3 class=\"elementor-heading-title elementor-size-default\">Anaokulumuz                      Hakk\u0131nda<\/h3>\t\t<\/div>\n\t\t\t\t<\/div>\n\t\t<div class=\"elementor-element elementor-element-4ca225c e-con-full e-flex e-con e-parent\" data-id=\"4ca225c\" data-element_type=\"container\">\n\t\t\t\t<div class=\"elementor-element elementor-element-e67ec71 elementor-widget elementor-widget-text-editor\" data-id=\"e67ec71\" data-element_type=\"widget\" data-widget_type=\"text-editor.default\">\n\t\t\t\t<div class=\"elementor-widget-container\">\n\t\t\t\t\t\t\t<p>\u00d6zel \u00dcmraniye Lale Bah\u00e7esi Anaokulumuzun, \u00dcmraniye\u2019de 4 katl\u0131 olup 1350 metrekare kapal\u0131 alan, 200 metrekare a\u00e7\u0131k alan\u0131 bulunmaktad\u0131r. Okulumuzun depreme kar\u015f\u0131 g\u00fcvenirli\u011fi \u0130stanbul Teknik \u00dcniversitesi taraf\u0131ndan onaylanm\u0131\u015f olup 150 kapasite ile e\u011fitim ve \u00f6\u011fretime a\u00e7\u0131lm\u0131\u015ft\u0131r. Yemeklerimiz okul b\u00fcnyesinde pi\u015firilmekte olup temizlik ve hijyen konusunda olduk\u00e7a hassasiyet<\/p>\t\t\t\t\t\t<\/div>\n\t\t\t\t<\/div>\n\t\t<div class=\"elementor-element elementor-element-ac163a0 e-con-full e-flex e-con e-parent\" data-id=\"ac163a0\" data-element_type=\"container\">\n\t\t\t\t<div class=\"elementor-element elementor-element-12c8fc4 elementor-widget elementor-widget-sina_dynamic_button\" data-id=\"12c8fc4\" data-element_type=\"widget\" data-widget_type=\"sina_dynamic_button.default\">\n\t\t\t\t<div class=\"elementor-widget-container\">\n\t\t\t\t\t<div class=\"sina-dynamic-button\">\r\n\t\t\t<a  class=\"sina-dynamic-btn   \" href=\"https:\/\/test.lalebahcesi.net\/index.php\/hakkimizda\/\"\r\n\t\t\t\t\t\t\t\t\t\t\t\t>\r\n\t\t\t\t\t\t\tDevam\u0131\t\t\t\t\t<\/a>\r\n\t\t<\/div><!-- .sina-dynamic-button -->\r\n\t\t\t\t<\/div>\n\t\t\t\t<\/div>\n\t\t\t\t<\/div>\n\t\t\t\t<\/div>\n\t\t\t\t<\/div>\n\t\t<div class=\"elementor-element elementor-element-b10a39d e-con-full e-flex e-con e-parent\" data-id=\"b10a39d\" data-element_type=\"container\">\n\t\t\t\t<div class=\"elementor-element elementor-element-3bae5dc elementor-widget elementor-widget-image\" data-id=\"3bae5dc\" data-element_type=\"widget\" data-widget_type=\"image.default\">\n\t\t\t\t<div class=\"elementor-widget-container\">\n\t\t\t\t\t\t\t\t\t\t\t\t\t<img loading=\"lazy\" decoding=\"async\" width=\"800\" height=\"561\" src=\"https:\/\/test.lalebahcesi.net\/wp-content\/uploads\/2023\/06\/index01.jpeg\" class=\"attachment-large size-large wp-image-156\" alt=\"\" srcset=\"https:\/\/test.lalebahcesi.net\/wp-content\/uploads\/2023\/06\/index01.jpeg 800w, https:\/\/test.lalebahcesi.net\/wp-content\/uploads\/2023\/06\/index01-300x210.jpeg 300w, https:\/\/test.lalebahcesi.net\/wp-content\/uploads\/2023\/06\/index01-768x539.jpeg 768w\" sizes=\"(max-width: 800px) 100vw, 800px\" \/>\t\t\t\t\t\t\t\t\t\t\t\t\t<\/div>\n\t\t\t\t<\/div>\n\t\t\t\t<\/div>\n\t\t\t\t\t<\/div>\n\t\t\t\t<\/div>\n\t\t<div class=\"elementor-element elementor-element-6912a7c e-flex e-con-boxed e-con e-parent\" data-id=\"6912a7c\" data-element_type=\"container\">\n\t\t\t\t\t<div class=\"e-con-inner\">\n\t\t\t\t<div class=\"elementor-element elementor-element-128bfeb elementor-widget elementor-widget-image\" data-id=\"128bfeb\" data-element_type=\"widget\" data-widget_type=\"image.default\">\n\t\t\t\t<div class=\"elementor-widget-container\">\n\t\t\t\t\t\t\t\t\t\t\t\t\t<img loading=\"lazy\" decoding=\"async\" width=\"832\" height=\"154\" src=\"https:\/\/test.lalebahcesi.net\/wp-content\/uploads\/2023\/06\/Ekran-Resmi-2023-06-21-08.20.06-1024x189.png\" class=\"attachment-large size-large wp-image-157\" alt=\"\" srcset=\"https:\/\/test.lalebahcesi.net\/wp-content\/uploads\/2023\/06\/Ekran-Resmi-2023-06-21-08.20.06-1024x189.png 1024w, https:\/\/test.lalebahcesi.net\/wp-content\/uploads\/2023\/06\/Ekran-Resmi-2023-06-21-08.20.06-300x55.png 300w, https:\/\/test.lalebahcesi.net\/wp-content\/uploads\/2023\/06\/Ekran-Resmi-2023-06-21-08.20.06-768x141.png 768w, https:\/\/test.lalebahcesi.net\/wp-content\/uploads\/2023\/06\/Ekran-Resmi-2023-06-21-08.20.06.png 1200w\" sizes=\"(max-width: 832px) 100vw, 832px\" \/>\t\t\t\t\t\t\t\t\t\t\t\t\t<\/div>\n\t\t\t\t<\/div>\n\t\t\t\t\t<\/div>\n\t\t\t\t<\/div>\n\t\t<div class=\"elementor-element elementor-element-9c7ac53 e-flex e-con-boxed e-con e-parent\" data-id=\"9c7ac53\" data-element_type=\"container\">\n\t\t\t\t\t<div class=\"e-con-inner\">\n\t\t<div class=\"elementor-element elementor-element-aca36a7 e-con-full e-flex e-con e-parent\" data-id=\"aca36a7\" data-element_type=\"container\">\n\t\t\t\t<\/div>\n\t\t<div class=\"elementor-element elementor-element-f0626df e-con-full e-flex e-con e-parent\" data-id=\"f0626df\" data-element_type=\"container\">\n\t\t\t\t<div class=\"elementor-element elementor-element-2605bfa elementor-widget elementor-widget-heading\" data-id=\"2605bfa\" data-element_type=\"widget\" data-widget_type=\"heading.default\">\n\t\t\t\t<div class=\"elementor-widget-container\">\n\t\t\t<h3 class=\"elementor-heading-title elementor-size-default\">Galerimiz<\/h3>\t\t<\/div>\n\t\t\t\t<\/div>\n\t\t\t\t<\/div>\n\t\t<div class=\"elementor-element elementor-element-fad0799 e-con-full e-flex e-con e-parent\" data-id=\"fad0799\" data-element_type=\"container\">\n\t\t\t\t<\/div>\n\t\t<div class=\"elementor-element elementor-element-0e5d885 e-con-full e-flex e-con e-parent\" data-id=\"0e5d885\" data-element_type=\"container\">\n\t\t\t\t<\/div>\n\t\t<div class=\"elementor-element elementor-element-5044698 e-con-full e-flex e-con e-parent\" data-id=\"5044698\" data-element_type=\"container\">\n\t\t\t\t<div class=\"elementor-element elementor-element-6858a92 elementor-widget elementor-widget-sina_dynamic_button\" data-id=\"6858a92\" data-element_type=\"widget\" data-widget_type=\"sina_dynamic_button.default\">\n\t\t\t\t<div class=\"elementor-widget-container\">\n\t\t\t\t\t<div class=\"sina-dynamic-button\">\r\n\t\t\t<a  class=\"sina-dynamic-btn   \" href=\"https:\/\/test.lalebahcesi.net\/index.php\/galeri\/\"\r\n\t\t\t\t\t\t\t\t\t\t\t\t>\r\n\t\t\t\t\t\t\tG\u00f6rmek \u0130\u00e7in T\u0131klay\u0131n\t\t\t\t\t<\/a>\r\n\t\t<\/div><!-- .sina-dynamic-button -->\r\n\t\t\t\t<\/div>\n\t\t\t\t<\/div>\n\t\t\t\t<\/div>\n\t\t<div class=\"elementor-element elementor-element-ecc1e74 e-con-full e-flex e-con e-parent\" data-id=\"ecc1e74\" data-element_type=\"container\">\n\t\t\t\t<\/div>\n\t\t\t\t\t<\/div>\n\t\t\t\t<\/div>\n\t\t\t\t<\/div>\n\t\t","protected":false},"excerpt":{"rendered":"<p>Tan\u0131t\u0131m Filmimiz Anaokulumuz Hakk\u0131nda \u00d6zel \u00dcmraniye Lale Bah\u00e7esi Anaokulumuzun, \u00dcmraniye\u2019de 4 katl\u0131 olup 1350 metrekare kapal\u0131 alan, 200 metrekare a\u00e7\u0131k alan\u0131 bulunmaktad\u0131r. Okulumuzun depreme kar\u015f\u0131 g\u00fcvenirli\u011fi \u0130stanbul Teknik \u00dcniversitesi taraf\u0131ndan onaylanm\u0131\u015f olup 150 kapasite ile e\u011fitim ve \u00f6\u011fretime a\u00e7\u0131lm\u0131\u015ft\u0131r. Yemeklerimiz &hellip; <\/p>\n","protected":false},"author":1,"featured_media":0,"parent":0,"menu_order":0,"comment_status":"closed","ping_status":"closed","template":"","meta":{"footnotes":""},"class_list":["post-2","page","type-page","status-publish","hentry"],"yoast_head":"<!-- This site is optimized with the Yoast SEO plugin v23.8 - https:\/\/yoast.com\/wordpress\/plugins\/seo\/ -->\n<title>Ana Sayfa -<\/title>\n<meta name=\"robots\" content=\"index, follow, max-snippet:-1, max-image-preview:large, max-video-preview:-1\" \/>\n<link rel=\"canonical\" href=\"https:\/\/test.lalebahcesi.net\/\" \/>\n<meta property=\"og:locale\" content=\"tr_TR\" \/>\n<meta property=\"og:type\" content=\"article\" \/>\n<meta property=\"og:title\" content=\"Ana Sayfa -\" \/>\n<meta property=\"og:description\" content=\"Tan\u0131t\u0131m Filmimiz Anaokulumuz Hakk\u0131nda \u00d6zel \u00dcmraniye Lale Bah\u00e7esi Anaokulumuzun, \u00dcmraniye\u2019de 4 katl\u0131 olup 1350 metrekare kapal\u0131 alan, 200 metrekare a\u00e7\u0131k alan\u0131 bulunmaktad\u0131r. Okulumuzun depreme kar\u015f\u0131 g\u00fcvenirli\u011fi \u0130stanbul Teknik \u00dcniversitesi taraf\u0131ndan onaylanm\u0131\u015f olup 150 kapasite ile e\u011fitim ve \u00f6\u011fretime a\u00e7\u0131lm\u0131\u015ft\u0131r. Yemeklerimiz &hellip;\" \/>\n<meta property=\"og:url\" content=\"https:\/\/test.lalebahcesi.net\/\" \/>\n<meta property=\"article:modified_time\" content=\"2023-06-21T05:39:07+00:00\" \/>\n<meta property=\"og:image\" content=\"https:\/\/test.lalebahcesi.net\/wp-content\/uploads\/2023\/06\/Ekran_Resmi_2023-06-21_07.44.21-removebg-preview.png\" \/>\n<meta name=\"twitter:card\" content=\"summary_large_image\" \/>\n<meta name=\"twitter:label1\" content=\"Tahmini okuma s\u00fcresi\" \/>\n\t<meta name=\"twitter:data1\" content=\"3 dakika\" \/>\n<script type=\"application\/ld+json\" class=\"yoast-schema-graph\">{\"@context\":\"https:\/\/schema.org\",\"@graph\":[{\"@type\":\"WebPage\",\"@id\":\"https:\/\/test.lalebahcesi.net\/\",\"url\":\"https:\/\/test.lalebahcesi.net\/\",\"name\":\"Ana Sayfa -\",\"isPartOf\":{\"@id\":\"https:\/\/test.lalebahcesi.net\/#website\"},\"primaryImageOfPage\":{\"@id\":\"https:\/\/test.lalebahcesi.net\/#primaryimage\"},\"image\":{\"@id\":\"https:\/\/test.lalebahcesi.net\/#primaryimage\"},\"thumbnailUrl\":\"https:\/\/test.lalebahcesi.net\/wp-content\/uploads\/2023\/06\/Ekran_Resmi_2023-06-21_07.44.21-removebg-preview.png\",\"datePublished\":\"2023-06-18T12:01:23+00:00\",\"dateModified\":\"2023-06-21T05:39:07+00:00\",\"breadcrumb\":{\"@id\":\"https:\/\/test.lalebahcesi.net\/#breadcrumb\"},\"inLanguage\":\"tr\",\"potentialAction\":[{\"@type\":\"ReadAction\",\"target\":[\"https:\/\/test.lalebahcesi.net\/\"]}]},{\"@type\":\"ImageObject\",\"inLanguage\":\"tr\",\"@id\":\"https:\/\/test.lalebahcesi.net\/#primaryimage\",\"url\":\"https:\/\/test.lalebahcesi.net\/wp-content\/uploads\/2023\/06\/Ekran_Resmi_2023-06-21_07.44.21-removebg-preview.png\",\"contentUrl\":\"https:\/\/test.lalebahcesi.net\/wp-content\/uploads\/2023\/06\/Ekran_Resmi_2023-06-21_07.44.21-removebg-preview.png\",\"width\":796,\"height\":313},{\"@type\":\"BreadcrumbList\",\"@id\":\"https:\/\/test.lalebahcesi.net\/#breadcrumb\",\"itemListElement\":[{\"@type\":\"ListItem\",\"position\":1,\"name\":\"Anasayfa\",\"item\":\"https:\/\/test.lalebahcesi.net\/\"},{\"@type\":\"ListItem\",\"position\":2,\"name\":\"Ana Sayfa\"}]},{\"@type\":\"WebSite\",\"@id\":\"https:\/\/test.lalebahcesi.net\/#website\",\"url\":\"https:\/\/test.lalebahcesi.net\/\",\"name\":\"\",\"description\":\"\",\"potentialAction\":[{\"@type\":\"SearchAction\",\"target\":{\"@type\":\"EntryPoint\",\"urlTemplate\":\"https:\/\/test.lalebahcesi.net\/?s={search_term_string}\"},\"query-input\":{\"@type\":\"PropertyValueSpecification\",\"valueRequired\":true,\"valueName\":\"search_term_string\"}}],\"inLanguage\":\"tr\"}]}<\/script>\n<!-- \/ Yoast SEO plugin. -->","yoast_head_json":{"title":"Ana Sayfa -","robots":{"index":"index","follow":"follow","max-snippet":"max-snippet:-1","max-image-preview":"max-image-preview:large","max-video-preview":"max-video-preview:-1"},"canonical":"https:\/\/test.lalebahcesi.net\/","og_locale":"tr_TR","og_type":"article","og_title":"Ana Sayfa -","og_description":"Tan\u0131t\u0131m Filmimiz Anaokulumuz Hakk\u0131nda \u00d6zel \u00dcmraniye Lale Bah\u00e7esi Anaokulumuzun, \u00dcmraniye\u2019de 4 katl\u0131 olup 1350 metrekare kapal\u0131 alan, 200 metrekare a\u00e7\u0131k alan\u0131 bulunmaktad\u0131r. Okulumuzun depreme kar\u015f\u0131 g\u00fcvenirli\u011fi \u0130stanbul Teknik \u00dcniversitesi taraf\u0131ndan onaylanm\u0131\u015f olup 150 kapasite ile e\u011fitim ve \u00f6\u011fretime a\u00e7\u0131lm\u0131\u015ft\u0131r. Yemeklerimiz &hellip;","og_url":"https:\/\/test.lalebahcesi.net\/","article_modified_time":"2023-06-21T05:39:07+00:00","og_image":[{"url":"https:\/\/test.lalebahcesi.net\/wp-content\/uploads\/2023\/06\/Ekran_Resmi_2023-06-21_07.44.21-removebg-preview.png"}],"twitter_card":"summary_large_image","twitter_misc":{"Tahmini okuma s\u00fcresi":"3 dakika"},"schema":{"@context":"https:\/\/schema.org","@graph":[{"@type":"WebPage","@id":"https:\/\/test.lalebahcesi.net\/","url":"https:\/\/test.lalebahcesi.net\/","name":"Ana Sayfa -","isPartOf":{"@id":"https:\/\/test.lalebahcesi.net\/#website"},"primaryImageOfPage":{"@id":"https:\/\/test.lalebahcesi.net\/#primaryimage"},"image":{"@id":"https:\/\/test.lalebahcesi.net\/#primaryimage"},"thumbnailUrl":"https:\/\/test.lalebahcesi.net\/wp-content\/uploads\/2023\/06\/Ekran_Resmi_2023-06-21_07.44.21-removebg-preview.png","datePublished":"2023-06-18T12:01:23+00:00","dateModified":"2023-06-21T05:39:07+00:00","breadcrumb":{"@id":"https:\/\/test.lalebahcesi.net\/#breadcrumb"},"inLanguage":"tr","potentialAction":[{"@type":"ReadAction","target":["https:\/\/test.lalebahcesi.net\/"]}]},{"@type":"ImageObject","inLanguage":"tr","@id":"https:\/\/test.lalebahcesi.net\/#primaryimage","url":"https:\/\/test.lalebahcesi.net\/wp-content\/uploads\/2023\/06\/Ekran_Resmi_2023-06-21_07.44.21-removebg-preview.png","contentUrl":"https:\/\/test.lalebahcesi.net\/wp-content\/uploads\/2023\/06\/Ekran_Resmi_2023-06-21_07.44.21-removebg-preview.png","width":796,"height":313},{"@type":"BreadcrumbList","@id":"https:\/\/test.lalebahcesi.net\/#breadcrumb","itemListElement":[{"@type":"ListItem","position":1,"name":"Anasayfa","item":"https:\/\/test.lalebahcesi.net\/"},{"@type":"ListItem","position":2,"name":"Ana Sayfa"}]},{"@type":"WebSite","@id":"https:\/\/test.lalebahcesi.net\/#website","url":"https:\/\/test.lalebahcesi.net\/","name":"","description":"","potentialAction":[{"@type":"SearchAction","target":{"@type":"EntryPoint","urlTemplate":"https:\/\/test.lalebahcesi.net\/?s={search_term_string}"},"query-input":{"@type":"PropertyValueSpecification","valueRequired":true,"valueName":"search_term_string"}}],"inLanguage":"tr"}]}},"_links":{"self":[{"href":"https:\/\/test.lalebahcesi.net\/index.php\/wp-json\/wp\/v2\/pages\/2","targetHints":{"allow":["GET"]}}],"collection":[{"href":"https:\/\/test.lalebahcesi.net\/index.php\/wp-json\/wp\/v2\/pages"}],"about":[{"href":"https:\/\/test.lalebahcesi.net\/index.php\/wp-json\/wp\/v2\/types\/page"}],"author":[{"embeddable":true,"href":"https:\/\/test.lalebahcesi.net\/index.php\/wp-json\/wp\/v2\/users\/1"}],"replies":[{"embeddable":true,"href":"https:\/\/test.lalebahcesi.net\/index.php\/wp-json\/wp\/v2\/comments?post=2"}],"version-history":[{"count":26,"href":"https:\/\/test.lalebahcesi.net\/index.php\/wp-json\/wp\/v2\/pages\/2\/revisions"}],"predecessor-version":[{"id":166,"href":"https:\/\/test.lalebahcesi.net\/index.php\/wp-json\/wp\/v2\/pages\/2\/revisions\/166"}],"wp:attachment":[{"href":"https:\/\/test.lalebahcesi.net\/index.php\/wp-json\/wp\/v2\/media?parent=2"}],"curies":[{"name":"wp","href":"https:\/\/api.w.org\/{rel}","templated":true}]}}