{"id":14,"date":"2023-06-18T20:10:25","date_gmt":"2023-06-18T20:10:25","guid":{"rendered":"https:\/\/test.lalebahcesi.net\/?page_id=14"},"modified":"2023-06-21T05:53:11","modified_gmt":"2023-06-21T05:53:11","slug":"hakkimizda","status":"publish","type":"page","link":"https:\/\/test.lalebahcesi.net\/index.php\/hakkimizda\/","title":{"rendered":"Hakk\u0131m\u0131zda"},"content":{"rendered":"\t\t<div data-elementor-type=\"wp-page\" data-elementor-id=\"14\" class=\"elementor elementor-14\">\n\t\t\t\t<div class=\"elementor-element elementor-element-0a4a288 e-flex e-con-boxed e-con e-parent\" data-id=\"0a4a288\" data-element_type=\"container\">\n\t\t\t\t\t<div class=\"e-con-inner\">\n\t\t\t\t<div class=\"elementor-element elementor-element-2b1cca9 elementor-widget elementor-widget-heading\" data-id=\"2b1cca9\" data-element_type=\"widget\" data-widget_type=\"heading.default\">\n\t\t\t\t<div class=\"elementor-widget-container\">\n\t\t\t<h2 class=\"elementor-heading-title elementor-size-default\">Hakk\u0131m\u0131zda<\/h2>\t\t<\/div>\n\t\t\t\t<\/div>\n\t\t\t\t\t<\/div>\n\t\t\t\t<\/div>\n\t\t<div class=\"elementor-element elementor-element-9d74bb0 e-flex e-con-boxed e-con e-parent\" data-id=\"9d74bb0\" data-element_type=\"container\">\n\t\t\t\t\t<div class=\"e-con-inner\">\n\t\t\t\t<div class=\"elementor-element elementor-element-7d12bcc elementor-widget elementor-widget-text-editor\" data-id=\"7d12bcc\" data-element_type=\"widget\" data-widget_type=\"text-editor.default\">\n\t\t\t\t<div class=\"elementor-widget-container\">\n\t\t\t\t\t\t\t<p style=\"margin-right: 0px; margin-bottom: 15px; margin-left: 0px; caret-color: #9c9c9c; color: #9c9c9c; font-family: Dosis;\"><strong style=\"margin-bottom: 0px;\"><span style=\"margin-bottom: 0px; color: #000000;\">Kadromuz<\/span><\/strong><\/p><p style=\"margin-right: 0px; margin-bottom: 0px; margin-left: 0px; caret-color: #9c9c9c; color: #9c9c9c; font-family: Dosis;\"><span style=\"margin-bottom: 0px; color: #000000;\">\u00d6zel \u00dcmraniye Lale Bah\u00e7esi Anaokulu, kendi sahas\u0131nda tecr\u00fcbeli, g\u00fcler y\u00fczl\u00fc, uzman e\u011fitimci kadrosu ve MEB program\u0131na uygun haz\u0131rlanm\u0131\u015f \u00f6\u011fretim programlar\u0131yla \u00e7ocuklar\u0131m\u0131z\u0131n gelecek y\u0131llar\u0131na haz\u0131rlanmalar\u0131nda sa\u011flam bir altyap\u0131 olu\u015fturacakt\u0131r.<\/span><\/p>\t\t\t\t\t\t<\/div>\n\t\t\t\t<\/div>\n\t\t\t\t\t<\/div>\n\t\t\t\t<\/div>\n\t\t<div class=\"elementor-element elementor-element-6bd14b0 e-flex e-con-boxed e-con e-parent\" data-id=\"6bd14b0\" data-element_type=\"container\">\n\t\t\t\t\t<div class=\"e-con-inner\">\n\t\t<div class=\"elementor-element elementor-element-70c9ebb e-con-full e-flex e-con e-parent\" data-id=\"70c9ebb\" data-element_type=\"container\">\n\t\t\t\t<div class=\"elementor-element elementor-element-e2d5517 elementor-widget elementor-widget-image\" data-id=\"e2d5517\" data-element_type=\"widget\" data-widget_type=\"image.default\">\n\t\t\t\t<div class=\"elementor-widget-container\">\n\t\t\t\t\t\t\t\t\t\t\t\t\t<img fetchpriority=\"high\" decoding=\"async\" width=\"529\" height=\"350\" src=\"https:\/\/test.lalebahcesi.net\/wp-content\/uploads\/2023\/06\/h2.jpeg\" class=\"attachment-large size-large wp-image-170\" alt=\"\" srcset=\"https:\/\/test.lalebahcesi.net\/wp-content\/uploads\/2023\/06\/h2.jpeg 529w, https:\/\/test.lalebahcesi.net\/wp-content\/uploads\/2023\/06\/h2-300x198.jpeg 300w\" sizes=\"(max-width: 529px) 100vw, 529px\" \/>\t\t\t\t\t\t\t\t\t\t\t\t\t<\/div>\n\t\t\t\t<\/div>\n\t\t\t\t<\/div>\n\t\t<div class=\"elementor-element elementor-element-d01ee9f e-con-full e-flex e-con e-parent\" data-id=\"d01ee9f\" data-element_type=\"container\">\n\t\t\t\t<div class=\"elementor-element elementor-element-a349e0d elementor-widget elementor-widget-text-editor\" data-id=\"a349e0d\" data-element_type=\"widget\" data-widget_type=\"text-editor.default\">\n\t\t\t\t<div class=\"elementor-widget-container\">\n\t\t\t\t\t\t\t<div class=\"wpb_text_column wpb_content_element \" style=\"margin: 0px; caret-color: #9c9c9c; color: #9c9c9c; font-family: Dosis;\"><div class=\"wpb_wrapper\" style=\"margin-bottom: 0px;\"><p style=\"margin-right: 0px; margin-bottom: 15px; margin-left: 0px;\"><span style=\"margin-bottom: 0px; color: #000000;\"><strong style=\"margin-bottom: 0px;\">Program\u0131m\u0131z<\/strong><\/span><\/p><p style=\"margin-right: 0px; margin-bottom: 15px; margin-left: 0px;\"><span style=\"margin-bottom: 0px; color: #000000;\">3-6 Ya\u015f okul \u00f6ncesi d\u00f6nem, e\u011fitimin ilk ba\u015flad\u0131\u011f\u0131 y\u0131llard\u0131r. \u0130nsan hayat\u0131ndaki \u00f6\u011frenmelerin %60\u2019\u0131n\u0131n bu d\u00f6nemde al\u0131r. E\u011fitim tesad\u00fcflere b\u0131rak\u0131lmamal\u0131d\u0131r.<\/span><\/p><p style=\"margin-right: 0px; margin-bottom: 15px; margin-left: 0px;\"><span style=\"margin-bottom: 0px; color: #000000;\">* Zihinsel Geli\u015fim<\/span><\/p><p style=\"margin-right: 0px; margin-bottom: 15px; margin-left: 0px;\"><span style=\"margin-bottom: 0px; color: #000000;\">* Sosyal Geli\u015fim<\/span><\/p><p style=\"margin-right: 0px; margin-bottom: 15px; margin-left: 0px;\"><span style=\"margin-bottom: 0px; color: #000000;\">* Duygusal Geli\u015fim<\/span><\/p><p style=\"margin-right: 0px; margin-bottom: 15px; margin-left: 0px;\"><span style=\"margin-bottom: 0px; color: #000000;\">* Psiko-Motor (El becerilerinin beyinle olan ileti\u015fimi )<\/span><\/p><p style=\"margin-right: 0px; margin-bottom: 0px; margin-left: 0px;\"><span style=\"margin-bottom: 0px; color: #000000;\">desteklenerek \u00c7oklu Zek\u00e2 Y\u00f6ntemi ve MEB program\u0131 ile \u00e7ocuklar\u0131m\u0131z\u0131 yar\u0131nlara haz\u0131rl\u0131yoruz.<\/span><\/p><\/div><\/div><p>\u00a0<\/p>\t\t\t\t\t\t<\/div>\n\t\t\t\t<\/div>\n\t\t\t\t<\/div>\n\t\t\t\t\t<\/div>\n\t\t\t\t<\/div>\n\t\t<div class=\"elementor-element elementor-element-7e19952 e-flex e-con-boxed e-con e-parent\" data-id=\"7e19952\" data-element_type=\"container\">\n\t\t\t\t\t<div class=\"e-con-inner\">\n\t\t<div class=\"elementor-element elementor-element-f9d7f0d e-con-full e-flex e-con e-parent\" data-id=\"f9d7f0d\" data-element_type=\"container\">\n\t\t\t\t<div class=\"elementor-element elementor-element-0dd415e elementor-widget elementor-widget-text-editor\" data-id=\"0dd415e\" data-element_type=\"widget\" data-widget_type=\"text-editor.default\">\n\t\t\t\t<div class=\"elementor-widget-container\">\n\t\t\t\t\t\t\t<div class=\"wpb_text_column wpb_content_element \" style=\"margin: 0px; caret-color: #9c9c9c; color: #9c9c9c; font-family: Dosis;\"><div class=\"wpb_wrapper\" style=\"margin-bottom: 0px;\"><p style=\"margin-right: 0px; margin-bottom: 15px; margin-left: 0px;\"><span style=\"margin-bottom: 0px; color: #000000;\"><strong style=\"margin-bottom: 0px;\">Etkinliklerimiz<\/strong><\/span><\/p><ul style=\"padding-left: 40px; margin-top: 16px; margin-bottom: 0px;\"><li><span style=\"margin-bottom: 0px; color: #000000;\">T\u00fcrk\u00e7e Dil Etkinlikleri<\/span><\/li><li><span style=\"margin-bottom: 0px; color: #000000;\">Fen ve Tabiat \u00c7al\u0131\u015fmalar\u0131<\/span><\/li><li><span style=\"margin-bottom: 0px; color: #000000;\">Grup \u00c7al\u0131\u015fmalar\u0131<\/span><\/li><li><span style=\"margin-bottom: 0px; color: #000000;\">\u0130ngilizce<\/span><\/li><li><span style=\"margin-bottom: 0px; color: #000000;\">Bilgisayar<\/span><\/li><li><span style=\"margin-bottom: 0px; color: #000000;\">Jimnastik<\/span><\/li><li><span style=\"margin-bottom: 0px; color: #000000;\">Satran\u00e7<\/span><\/li><li><span style=\"margin-bottom: 0px; color: #000000;\">Resim<\/span><\/li><li><span style=\"margin-bottom: 0px; color: #000000;\">Drama<\/span><\/li><li><span style=\"margin-bottom: 0px; color: #000000;\">Y\u00fczme<\/span><\/li><li><span style=\"margin-bottom: 0px; color: #000000;\">Tiyatro<\/span><\/li><li>T\u00fczder Zeka Oyunlar\u0131<\/li><li style=\"margin-bottom: 0px;\"><span style=\"margin-bottom: 0px; color: #000000;\">\u00dcnite Destekli Ziyaret\u00e7iler (Polis, Hem\u015fire, Doktor vb\u2026)<\/span><\/li><\/ul><\/div><\/div><p>\u00a0<\/p>\t\t\t\t\t\t<\/div>\n\t\t\t\t<\/div>\n\t\t\t\t<\/div>\n\t\t<div class=\"elementor-element elementor-element-6b9ab28 e-con-full e-flex e-con e-parent\" data-id=\"6b9ab28\" data-element_type=\"container\">\n\t\t\t\t<div class=\"elementor-element elementor-element-637aefc elementor-widget elementor-widget-image\" data-id=\"637aefc\" data-element_type=\"widget\" data-widget_type=\"image.default\">\n\t\t\t\t<div class=\"elementor-widget-container\">\n\t\t\t\t\t\t\t\t\t\t\t\t\t<img decoding=\"async\" width=\"529\" height=\"350\" src=\"https:\/\/test.lalebahcesi.net\/wp-content\/uploads\/2023\/06\/h3.jpeg\" class=\"attachment-large size-large wp-image-171\" alt=\"\" srcset=\"https:\/\/test.lalebahcesi.net\/wp-content\/uploads\/2023\/06\/h3.jpeg 529w, https:\/\/test.lalebahcesi.net\/wp-content\/uploads\/2023\/06\/h3-300x198.jpeg 300w\" sizes=\"(max-width: 529px) 100vw, 529px\" \/>\t\t\t\t\t\t\t\t\t\t\t\t\t<\/div>\n\t\t\t\t<\/div>\n\t\t\t\t<\/div>\n\t\t\t\t\t<\/div>\n\t\t\t\t<\/div>\n\t\t<div class=\"elementor-element elementor-element-fcc64c0 e-flex e-con-boxed e-con e-parent\" data-id=\"fcc64c0\" data-element_type=\"container\">\n\t\t\t\t\t<div class=\"e-con-inner\">\n\t\t<div class=\"elementor-element elementor-element-d217af7 e-con-full e-flex e-con e-parent\" data-id=\"d217af7\" data-element_type=\"container\">\n\t\t\t\t<div class=\"elementor-element elementor-element-46a11b0 elementor-widget elementor-widget-image\" data-id=\"46a11b0\" data-element_type=\"widget\" data-widget_type=\"image.default\">\n\t\t\t\t<div class=\"elementor-widget-container\">\n\t\t\t\t\t\t\t\t\t\t\t\t\t<img decoding=\"async\" width=\"529\" height=\"307\" src=\"https:\/\/test.lalebahcesi.net\/wp-content\/uploads\/2023\/06\/h6.jpeg\" class=\"attachment-large size-large wp-image-172\" alt=\"\" srcset=\"https:\/\/test.lalebahcesi.net\/wp-content\/uploads\/2023\/06\/h6.jpeg 529w, https:\/\/test.lalebahcesi.net\/wp-content\/uploads\/2023\/06\/h6-300x174.jpeg 300w\" sizes=\"(max-width: 529px) 100vw, 529px\" \/>\t\t\t\t\t\t\t\t\t\t\t\t\t<\/div>\n\t\t\t\t<\/div>\n\t\t\t\t<\/div>\n\t\t<div class=\"elementor-element elementor-element-d2910df e-con-full e-flex e-con e-parent\" data-id=\"d2910df\" data-element_type=\"container\">\n\t\t\t\t<div class=\"elementor-element elementor-element-dcae1cd elementor-widget elementor-widget-text-editor\" data-id=\"dcae1cd\" data-element_type=\"widget\" data-widget_type=\"text-editor.default\">\n\t\t\t\t<div class=\"elementor-widget-container\">\n\t\t\t\t\t\t\t<div class=\"wpb_text_column wpb_content_element \" style=\"margin: 0px; caret-color: #9c9c9c; color: #9c9c9c; font-family: Dosis;\"><div class=\"wpb_wrapper\" style=\"margin-bottom: 0px;\"><p style=\"margin-right: 0px; margin-bottom: 15px; margin-left: 0px;\"><span style=\"margin-bottom: 0px; color: #000000;\"><strong style=\"margin-bottom: 0px;\">Velilerimize<\/strong><\/span><\/p><p style=\"margin-right: 0px; margin-bottom: 15px; margin-left: 0px;\"><span style=\"margin-bottom: 0px; color: #000000;\">* Ayl\u0131k \u00e7ocuk de\u011ferlendirme raporlar\u0131<\/span><\/p><p style=\"margin-right: 0px; margin-bottom: 15px; margin-left: 0px;\"><span style=\"margin-bottom: 0px; color: #000000;\">* Ayl\u0131k e\u011fitim raporlar\u0131<\/span><\/p><p style=\"margin-right: 0px; margin-bottom: 15px; margin-left: 0px;\"><span style=\"margin-bottom: 0px; color: #000000;\">* Ayl\u0131k yemek listesi<\/span><\/p><p style=\"margin-right: 0px; margin-bottom: 15px; margin-left: 0px;\"><span style=\"margin-bottom: 0px; color: #000000;\">* Ayl\u0131k aile Kat\u0131l\u0131m Program\u0131<\/span><\/p><p style=\"margin-right: 0px; margin-bottom: 15px; margin-left: 0px;\"><span style=\"margin-bottom: 0px; color: #000000;\">* G\u00fcnl\u00fck raporlar<\/span><\/p><p style=\"margin-right: 0px; margin-bottom: 15px; margin-left: 0px;\"><span style=\"margin-bottom: 0px; color: #000000;\">* Seminerler<\/span><\/p><p style=\"margin-right: 0px; margin-bottom: 15px; margin-left: 0px;\"><span style=\"margin-bottom: 0px; color: #000000;\">* \u00d6zel veli-\u00f6\u011fretmen g\u00f6r\u00fc\u015fme g\u00fcnleri<\/span><\/p><p style=\"margin-right: 0px; margin-bottom: 15px; margin-left: 0px;\"><span style=\"margin-bottom: 0px; color: #000000;\">* Okuldan \u00e7ocuklar\u0131n\u0131z\u0131 izleme<\/span><\/p><p style=\"margin-right: 0px; margin-bottom: 0px; margin-left: 0px;\"><span style=\"margin-bottom: 0px; color: #000000;\">* Bireysel veli-pedagog g\u00f6r\u00fc\u015fmeleri<\/span><\/p><\/div><\/div><p>\u00a0<\/p>\t\t\t\t\t\t<\/div>\n\t\t\t\t<\/div>\n\t\t\t\t<\/div>\n\t\t\t\t\t<\/div>\n\t\t\t\t<\/div>\n\t\t<div class=\"elementor-element elementor-element-3becd2e e-flex e-con-boxed e-con e-parent\" data-id=\"3becd2e\" data-element_type=\"container\">\n\t\t\t\t\t<div class=\"e-con-inner\">\n\t\t<div class=\"elementor-element elementor-element-a0f367c e-con-full e-flex e-con e-parent\" data-id=\"a0f367c\" data-element_type=\"container\">\n\t\t\t\t<div class=\"elementor-element elementor-element-6e73033 elementor-widget elementor-widget-text-editor\" data-id=\"6e73033\" data-element_type=\"widget\" data-widget_type=\"text-editor.default\">\n\t\t\t\t<div class=\"elementor-widget-container\">\n\t\t\t\t\t\t\t<div class=\"wpb_text_column wpb_content_element \" style=\"margin: 0px; caret-color: #9c9c9c; color: #9c9c9c; font-family: Dosis;\"><div class=\"wpb_wrapper\" style=\"margin-bottom: 0px;\"><p style=\"margin-right: 0px; margin-bottom: 15px; margin-left: 0px;\"><span style=\"margin-bottom: 0px; color: #000000;\"><strong style=\"margin-bottom: 0px;\">Kurumsal Gayemiz<\/strong><\/span><\/p><p style=\"margin-right: 0px; margin-bottom: 15px; margin-left: 0px;\"><span style=\"margin-bottom: 0px; color: #000000;\">* Milli ve ahl\u00e2ki de\u011ferleri kazand\u0131rmak,<\/span><\/p><p style=\"margin-right: 0px; margin-bottom: 15px; margin-left: 0px;\"><span style=\"margin-bottom: 0px; color: #000000;\">* \u00d6\u011frencilerimize okulu sevdirmek<\/span><\/p><p style=\"margin-right: 0px; margin-bottom: 15px; margin-left: 0px;\"><span style=\"margin-bottom: 0px; color: #000000;\">* Zihinsel, bedensel, duygusal, sosyal y\u00f6nden geli\u015fmelerini ve temel al\u0131\u015fkanl\u0131klar\u0131 kazanmalar\u0131n\u0131 sa\u011flamak.<\/span><\/p><p style=\"margin-right: 0px; margin-bottom: 15px; margin-left: 0px;\"><span style=\"margin-bottom: 0px; color: #000000;\">* Kendilerini ifade edebilmelerine imkan sa\u011flamak.<\/span><\/p><p style=\"margin-right: 0px; margin-bottom: 15px; margin-left: 0px;\"><span style=\"margin-bottom: 0px; color: #000000;\">* Ya\u015fayarak ve g\u00f6zlemleyerek \u00f6\u011frenmelerine f\u0131rsat vermek<\/span><\/p><p style=\"margin-right: 0px; margin-bottom: 0px; margin-left: 0px;\"><span style=\"margin-bottom: 0px; color: #000000;\">* \u00dclkemizin geli\u015fmesine katk\u0131da bulunabilecek sa\u011flam ki\u015filikli bireyler yeti\u015ftirmek.<\/span><\/p><\/div><\/div><p>\u00a0<\/p>\t\t\t\t\t\t<\/div>\n\t\t\t\t<\/div>\n\t\t\t\t<\/div>\n\t\t<div class=\"elementor-element elementor-element-428241c e-con-full e-flex e-con e-parent\" data-id=\"428241c\" data-element_type=\"container\">\n\t\t\t\t<div class=\"elementor-element elementor-element-565933d elementor-widget elementor-widget-image\" data-id=\"565933d\" data-element_type=\"widget\" data-widget_type=\"image.default\">\n\t\t\t\t<div class=\"elementor-widget-container\">\n\t\t\t\t\t\t\t\t\t\t\t\t\t<img loading=\"lazy\" decoding=\"async\" width=\"529\" height=\"417\" src=\"https:\/\/test.lalebahcesi.net\/wp-content\/uploads\/2023\/06\/slogan1.jpeg\" class=\"attachment-large size-large wp-image-173\" alt=\"\" srcset=\"https:\/\/test.lalebahcesi.net\/wp-content\/uploads\/2023\/06\/slogan1.jpeg 529w, https:\/\/test.lalebahcesi.net\/wp-content\/uploads\/2023\/06\/slogan1-300x236.jpeg 300w\" sizes=\"(max-width: 529px) 100vw, 529px\" \/>\t\t\t\t\t\t\t\t\t\t\t\t\t<\/div>\n\t\t\t\t<\/div>\n\t\t\t\t<\/div>\n\t\t\t\t\t<\/div>\n\t\t\t\t<\/div>\n\t\t<div class=\"elementor-element elementor-element-a931c18 e-flex e-con-boxed e-con e-parent\" data-id=\"a931c18\" data-element_type=\"container\">\n\t\t\t\t\t<div class=\"e-con-inner\">\n\t\t<div class=\"elementor-element elementor-element-367e0ee e-con-full e-flex e-con e-parent\" data-id=\"367e0ee\" data-element_type=\"container\">\n\t\t\t\t<div class=\"elementor-element elementor-element-91beb19 elementor-widget elementor-widget-image\" data-id=\"91beb19\" data-element_type=\"widget\" data-widget_type=\"image.default\">\n\t\t\t\t<div class=\"elementor-widget-container\">\n\t\t\t\t\t\t\t\t\t\t\t\t\t<img loading=\"lazy\" decoding=\"async\" width=\"529\" height=\"417\" src=\"https:\/\/test.lalebahcesi.net\/wp-content\/uploads\/2023\/06\/slogan002.jpeg\" class=\"attachment-large size-large wp-image-174\" alt=\"\" srcset=\"https:\/\/test.lalebahcesi.net\/wp-content\/uploads\/2023\/06\/slogan002.jpeg 529w, https:\/\/test.lalebahcesi.net\/wp-content\/uploads\/2023\/06\/slogan002-300x236.jpeg 300w\" sizes=\"(max-width: 529px) 100vw, 529px\" \/>\t\t\t\t\t\t\t\t\t\t\t\t\t<\/div>\n\t\t\t\t<\/div>\n\t\t\t\t<\/div>\n\t\t<div class=\"elementor-element elementor-element-8e8a2e2 e-con-full e-flex e-con e-parent\" data-id=\"8e8a2e2\" data-element_type=\"container\">\n\t\t\t\t<div class=\"elementor-element elementor-element-bf7196b elementor-widget elementor-widget-text-editor\" data-id=\"bf7196b\" data-element_type=\"widget\" data-widget_type=\"text-editor.default\">\n\t\t\t\t<div class=\"elementor-widget-container\">\n\t\t\t\t\t\t\t<p style=\"margin-right: 0px; margin-bottom: 15px; margin-left: 0px; caret-color: #9c9c9c; color: #9c9c9c; font-family: Dosis;\"><span style=\"margin-bottom: 0px; color: #000000;\"><strong style=\"margin-bottom: 0px;\">Okulumuz<\/strong><\/span><\/p><p style=\"margin-right: 0px; margin-bottom: 15px; margin-left: 0px; caret-color: #9c9c9c; color: #9c9c9c; font-family: Dosis;\"><span style=\"margin-bottom: 0px; color: #000000;\">\u00d6zel \u00dcmraniye Lale Bah\u00e7esi Anaokulumuz, \u00dcmraniye\u2019de 4 katl\u0131 olup 1350 metrekare kapal\u0131 alan, 200 metrekare a\u00e7\u0131k alan\u0131m\u0131z vard\u0131r. Okulumuzun depreme kar\u015f\u0131 g\u00fcvenirli\u011fi \u0130stanbul Teknik \u00dcniversitesi taraf\u0131ndan onaylanm\u0131\u015f olup 150 kapasite ile e\u011fitim ve \u00f6\u011fretime a\u00e7\u0131lm\u0131\u015ft\u0131r.<\/span><\/p><p style=\"margin-right: 0px; margin-bottom: 0px; margin-left: 0px; caret-color: #9c9c9c; color: #9c9c9c; font-family: Dosis;\"><span style=\"margin-bottom: 0px; color: #000000;\">Yemeklerimiz okul b\u00fcnyesinde % 100 helal ve temizlik ve hijyen konusunda\u00a0 olduk\u00e7a hassasiyet g\u00f6sterilerek pi\u015firilmektedir.<\/span><\/p>\t\t\t\t\t\t<\/div>\n\t\t\t\t<\/div>\n\t\t\t\t<\/div>\n\t\t\t\t\t<\/div>\n\t\t\t\t<\/div>\n\t\t\t\t<\/div>\n\t\t","protected":false},"excerpt":{"rendered":"<p>Hakk\u0131m\u0131zda Kadromuz \u00d6zel \u00dcmraniye Lale Bah\u00e7esi Anaokulu, kendi sahas\u0131nda tecr\u00fcbeli, g\u00fcler y\u00fczl\u00fc, uzman e\u011fitimci kadrosu ve MEB program\u0131na uygun haz\u0131rlanm\u0131\u015f \u00f6\u011fretim programlar\u0131yla \u00e7ocuklar\u0131m\u0131z\u0131n gelecek y\u0131llar\u0131na haz\u0131rlanmalar\u0131nda sa\u011flam bir altyap\u0131 olu\u015fturacakt\u0131r. Program\u0131m\u0131z 3-6 Ya\u015f okul \u00f6ncesi d\u00f6nem, e\u011fitimin ilk ba\u015flad\u0131\u011f\u0131 y\u0131llard\u0131r. &hellip; <\/p>\n","protected":false},"author":1,"featured_media":0,"parent":0,"menu_order":0,"comment_status":"closed","ping_status":"closed","template":"","meta":{"footnotes":""},"class_list":["post-14","page","type-page","status-publish","hentry"],"yoast_head":"<!-- This site is optimized with the Yoast SEO plugin v23.8 - https:\/\/yoast.com\/wordpress\/plugins\/seo\/ -->\n<title>Hakk\u0131m\u0131zda -<\/title>\n<meta name=\"robots\" content=\"index, follow, max-snippet:-1, max-image-preview:large, max-video-preview:-1\" \/>\n<link rel=\"canonical\" href=\"https:\/\/test.lalebahcesi.net\/index.php\/hakkimizda\/\" \/>\n<meta property=\"og:locale\" content=\"tr_TR\" \/>\n<meta property=\"og:type\" content=\"article\" \/>\n<meta property=\"og:title\" content=\"Hakk\u0131m\u0131zda -\" \/>\n<meta property=\"og:description\" content=\"Hakk\u0131m\u0131zda Kadromuz \u00d6zel \u00dcmraniye Lale Bah\u00e7esi Anaokulu, kendi sahas\u0131nda tecr\u00fcbeli, g\u00fcler y\u00fczl\u00fc, uzman e\u011fitimci kadrosu ve MEB program\u0131na uygun haz\u0131rlanm\u0131\u015f \u00f6\u011fretim programlar\u0131yla \u00e7ocuklar\u0131m\u0131z\u0131n gelecek y\u0131llar\u0131na haz\u0131rlanmalar\u0131nda sa\u011flam bir altyap\u0131 olu\u015fturacakt\u0131r. Program\u0131m\u0131z 3-6 Ya\u015f okul \u00f6ncesi d\u00f6nem, e\u011fitimin ilk ba\u015flad\u0131\u011f\u0131 y\u0131llard\u0131r. &hellip;\" \/>\n<meta property=\"og:url\" content=\"https:\/\/test.lalebahcesi.net\/index.php\/hakkimizda\/\" \/>\n<meta property=\"article:modified_time\" content=\"2023-06-21T05:53:11+00:00\" \/>\n<meta property=\"og:image\" content=\"https:\/\/test.lalebahcesi.net\/wp-content\/uploads\/2023\/06\/h2.jpeg\" \/>\n<meta name=\"twitter:card\" content=\"summary_large_image\" \/>\n<script type=\"application\/ld+json\" class=\"yoast-schema-graph\">{\"@context\":\"https:\/\/schema.org\",\"@graph\":[{\"@type\":\"WebPage\",\"@id\":\"https:\/\/test.lalebahcesi.net\/index.php\/hakkimizda\/\",\"url\":\"https:\/\/test.lalebahcesi.net\/index.php\/hakkimizda\/\",\"name\":\"Hakk\u0131m\u0131zda -\",\"isPartOf\":{\"@id\":\"https:\/\/test.lalebahcesi.net\/#website\"},\"primaryImageOfPage\":{\"@id\":\"https:\/\/test.lalebahcesi.net\/index.php\/hakkimizda\/#primaryimage\"},\"image\":{\"@id\":\"https:\/\/test.lalebahcesi.net\/index.php\/hakkimizda\/#primaryimage\"},\"thumbnailUrl\":\"https:\/\/test.lalebahcesi.net\/wp-content\/uploads\/2023\/06\/h2.jpeg\",\"datePublished\":\"2023-06-18T20:10:25+00:00\",\"dateModified\":\"2023-06-21T05:53:11+00:00\",\"breadcrumb\":{\"@id\":\"https:\/\/test.lalebahcesi.net\/index.php\/hakkimizda\/#breadcrumb\"},\"inLanguage\":\"tr\",\"potentialAction\":[{\"@type\":\"ReadAction\",\"target\":[\"https:\/\/test.lalebahcesi.net\/index.php\/hakkimizda\/\"]}]},{\"@type\":\"ImageObject\",\"inLanguage\":\"tr\",\"@id\":\"https:\/\/test.lalebahcesi.net\/index.php\/hakkimizda\/#primaryimage\",\"url\":\"https:\/\/test.lalebahcesi.net\/wp-content\/uploads\/2023\/06\/h2.jpeg\",\"contentUrl\":\"https:\/\/test.lalebahcesi.net\/wp-content\/uploads\/2023\/06\/h2.jpeg\",\"width\":529,\"height\":350},{\"@type\":\"BreadcrumbList\",\"@id\":\"https:\/\/test.lalebahcesi.net\/index.php\/hakkimizda\/#breadcrumb\",\"itemListElement\":[{\"@type\":\"ListItem\",\"position\":1,\"name\":\"Anasayfa\",\"item\":\"https:\/\/test.lalebahcesi.net\/\"},{\"@type\":\"ListItem\",\"position\":2,\"name\":\"Hakk\u0131m\u0131zda\"}]},{\"@type\":\"WebSite\",\"@id\":\"https:\/\/test.lalebahcesi.net\/#website\",\"url\":\"https:\/\/test.lalebahcesi.net\/\",\"name\":\"\",\"description\":\"\",\"potentialAction\":[{\"@type\":\"SearchAction\",\"target\":{\"@type\":\"EntryPoint\",\"urlTemplate\":\"https:\/\/test.lalebahcesi.net\/?s={search_term_string}\"},\"query-input\":{\"@type\":\"PropertyValueSpecification\",\"valueRequired\":true,\"valueName\":\"search_term_string\"}}],\"inLanguage\":\"tr\"}]}<\/script>\n<!-- \/ Yoast SEO plugin. -->","yoast_head_json":{"title":"Hakk\u0131m\u0131zda -","robots":{"index":"index","follow":"follow","max-snippet":"max-snippet:-1","max-image-preview":"max-image-preview:large","max-video-preview":"max-video-preview:-1"},"canonical":"https:\/\/test.lalebahcesi.net\/index.php\/hakkimizda\/","og_locale":"tr_TR","og_type":"article","og_title":"Hakk\u0131m\u0131zda -","og_description":"Hakk\u0131m\u0131zda Kadromuz \u00d6zel \u00dcmraniye Lale Bah\u00e7esi Anaokulu, kendi sahas\u0131nda tecr\u00fcbeli, g\u00fcler y\u00fczl\u00fc, uzman e\u011fitimci kadrosu ve MEB program\u0131na uygun haz\u0131rlanm\u0131\u015f \u00f6\u011fretim programlar\u0131yla \u00e7ocuklar\u0131m\u0131z\u0131n gelecek y\u0131llar\u0131na haz\u0131rlanmalar\u0131nda sa\u011flam bir altyap\u0131 olu\u015fturacakt\u0131r. Program\u0131m\u0131z 3-6 Ya\u015f okul \u00f6ncesi d\u00f6nem, e\u011fitimin ilk ba\u015flad\u0131\u011f\u0131 y\u0131llard\u0131r. &hellip;","og_url":"https:\/\/test.lalebahcesi.net\/index.php\/hakkimizda\/","article_modified_time":"2023-06-21T05:53:11+00:00","og_image":[{"url":"https:\/\/test.lalebahcesi.net\/wp-content\/uploads\/2023\/06\/h2.jpeg"}],"twitter_card":"summary_large_image","schema":{"@context":"https:\/\/schema.org","@graph":[{"@type":"WebPage","@id":"https:\/\/test.lalebahcesi.net\/index.php\/hakkimizda\/","url":"https:\/\/test.lalebahcesi.net\/index.php\/hakkimizda\/","name":"Hakk\u0131m\u0131zda -","isPartOf":{"@id":"https:\/\/test.lalebahcesi.net\/#website"},"primaryImageOfPage":{"@id":"https:\/\/test.lalebahcesi.net\/index.php\/hakkimizda\/#primaryimage"},"image":{"@id":"https:\/\/test.lalebahcesi.net\/index.php\/hakkimizda\/#primaryimage"},"thumbnailUrl":"https:\/\/test.lalebahcesi.net\/wp-content\/uploads\/2023\/06\/h2.jpeg","datePublished":"2023-06-18T20:10:25+00:00","dateModified":"2023-06-21T05:53:11+00:00","breadcrumb":{"@id":"https:\/\/test.lalebahcesi.net\/index.php\/hakkimizda\/#breadcrumb"},"inLanguage":"tr","potentialAction":[{"@type":"ReadAction","target":["https:\/\/test.lalebahcesi.net\/index.php\/hakkimizda\/"]}]},{"@type":"ImageObject","inLanguage":"tr","@id":"https:\/\/test.lalebahcesi.net\/index.php\/hakkimizda\/#primaryimage","url":"https:\/\/test.lalebahcesi.net\/wp-content\/uploads\/2023\/06\/h2.jpeg","contentUrl":"https:\/\/test.lalebahcesi.net\/wp-content\/uploads\/2023\/06\/h2.jpeg","width":529,"height":350},{"@type":"BreadcrumbList","@id":"https:\/\/test.lalebahcesi.net\/index.php\/hakkimizda\/#breadcrumb","itemListElement":[{"@type":"ListItem","position":1,"name":"Anasayfa","item":"https:\/\/test.lalebahcesi.net\/"},{"@type":"ListItem","position":2,"name":"Hakk\u0131m\u0131zda"}]},{"@type":"WebSite","@id":"https:\/\/test.lalebahcesi.net\/#website","url":"https:\/\/test.lalebahcesi.net\/","name":"","description":"","potentialAction":[{"@type":"SearchAction","target":{"@type":"EntryPoint","urlTemplate":"https:\/\/test.lalebahcesi.net\/?s={search_term_string}"},"query-input":{"@type":"PropertyValueSpecification","valueRequired":true,"valueName":"search_term_string"}}],"inLanguage":"tr"}]}},"_links":{"self":[{"href":"https:\/\/test.lalebahcesi.net\/index.php\/wp-json\/wp\/v2\/pages\/14","targetHints":{"allow":["GET"]}}],"collection":[{"href":"https:\/\/test.lalebahcesi.net\/index.php\/wp-json\/wp\/v2\/pages"}],"about":[{"href":"https:\/\/test.lalebahcesi.net\/index.php\/wp-json\/wp\/v2\/types\/page"}],"author":[{"embeddable":true,"href":"https:\/\/test.lalebahcesi.net\/index.php\/wp-json\/wp\/v2\/users\/1"}],"replies":[{"embeddable":true,"href":"https:\/\/test.lalebahcesi.net\/index.php\/wp-json\/wp\/v2\/comments?post=14"}],"version-history":[{"count":4,"href":"https:\/\/test.lalebahcesi.net\/index.php\/wp-json\/wp\/v2\/pages\/14\/revisions"}],"predecessor-version":[{"id":177,"href":"https:\/\/test.lalebahcesi.net\/index.php\/wp-json\/wp\/v2\/pages\/14\/revisions\/177"}],"wp:attachment":[{"href":"https:\/\/test.lalebahcesi.net\/index.php\/wp-json\/wp\/v2\/media?parent=14"}],"curies":[{"name":"wp","href":"https:\/\/api.w.org\/{rel}","templated":true}]}}